{"id":165,"date":"2016-03-11T18:38:19","date_gmt":"2016-03-11T18:38:19","guid":{"rendered":"http:\/\/lcentral.com.br\/site\/?page_id=165"},"modified":"2016-03-11T18:38:19","modified_gmt":"2016-03-11T18:38:19","slug":"htlv-i-e-ii-qualitativo-e-genotipagem","status":"publish","type":"page","link":"http:\/\/lcentral.com.br\/site\/biologia-molecular2\/htlv-i-e-ii-qualitativo-e-genotipagem\/","title":{"rendered":"HTLV I E II Qualitativo E Genotipagem"},"content":{"rendered":"<p align=\"JUSTIFY\"><strong>Aplica\u00e7\u00e3o:<\/strong><\/p>\n<p align=\"JUSTIFY\">Os v\u00edrus linfotr\u00f3picos de c\u00e9lulas T humanas do tipo I (HTLVI) e do tipo II (HTLV-II) s\u00e3o retrov\u00edrus humanos que causam destrui\u00e7\u00e3o e\/ou transforma\u00e7\u00e3o nos linf\u00f3citos T. A transmiss\u00e3o ocorre atrav\u00e9s de rela\u00e7\u00f5es sexuais, transfus\u00f5es sang\u00fc\u00edneas e produtos hemoderivados, agulhas e seringas contaminadas, da m\u00e3e infectada para seu filho, especialmente atrav\u00e9s do aleitamento materno. No Brasil, cerca de 750.000 pessoas sobrevivem com o v\u00edrus. O diagn\u00f3stico da infec\u00e7\u00e3o pelo HTLV-I\/II \u00e9 feito, habitualmente, com testes sorol\u00f3gicos, baseados na pesquisa de anticorpos contra ant\u00edgenos do v\u00edrus presentes no soro do indiv\u00edduo infectado. Como os genomas provirais do HTLV-I e HTLV-II exibem grande homologia h\u00e1 uma expressiva soro-reatividade cruzada. Assim, em muitos casos, a detec\u00e7\u00e3o de anticorpos anti-HTLV-I\/II embora caracterize a infec\u00e7\u00e3o viral, n\u00e3o permite que se estabele\u00e7a a distin\u00e7\u00e3o entre ambos os agentes. Os testes moleculares empregados para o diagn\u00f3stico dos v\u00edrus HTLV-I\/II, baseiam-se na pesquisa de seq\u00fc\u00eancias gen\u00f4micas provirais permitindo, com isso, o diagn\u00f3stico da infec\u00e7\u00e3o antes do aparecimento de qualquer sinal ou sintoma.<\/p>\n<p align=\"JUSTIFY\">Assim, os anticorpos anti-HTLV-I e\/ou anti-HTLV II detectados atrav\u00e9s do ELISA devem ser confirmados pela t\u00e9cnica Western blot ou do PCR. O PCR est\u00e1 indicado tamb\u00e9m, para pacientes com sorologia inconclusiva ou com Western blot indeterminado para HTLV-I e\/ou HTLV-II. A t\u00e9cnica de PCR permite tamb\u00e9m a genotipagem entre os tipos I e II.<\/p>\n<p lang=\"pt-BR\" align=\"JUSTIFY\">.<\/p>\n<p lang=\"pt-BR\" align=\"JUSTIFY\">Material: Sangue Total (EDTA).<\/p>\n<p lang=\"pt-BR\" align=\"JUSTIFY\">\n<p lang=\"pt-BR\" align=\"JUSTIFY\">Volume de Amostra: 5mL. (tubo prim\u00e1rio).<\/p>\n<p lang=\"pt-BR\" align=\"JUSTIFY\">\n<p lang=\"pt-BR\" align=\"JUSTIFY\">Preparo do Paciente: N\u00e3o \u00e9 necess\u00e1rio jejum.<\/p>\n<p lang=\"pt-BR\" align=\"JUSTIFY\">\n<p lang=\"pt-BR\" align=\"JUSTIFY\">Observa\u00e7\u00f5es: \u2013 Indicar medica\u00e7\u00f5es utilizadas pelo paciente.<\/p>\n<p lang=\"pt-BR\" align=\"JUSTIFY\">\n<p lang=\"pt-BR\" align=\"JUSTIFY\">Armazenamento: Refrigerado (2 a 8\u00b0C).<\/p>\n<p lang=\"pt-BR\" align=\"JUSTIFY\">\n<p lang=\"pt-BR\" align=\"JUSTIFY\">Estabilidade: 07 dias.<\/p>\n<p lang=\"pt-BR\" align=\"JUSTIFY\">\n<p lang=\"pt-BR\" align=\"JUSTIFY\">Metodologia: Nested PCR.<\/p>\n<p lang=\"pt-BR\" align=\"JUSTIFY\">Nested PCR RFLP para Genotipagem<\/p>\n<p lang=\"pt-BR\" align=\"JUSTIFY\">\n<p align=\"JUSTIFY\">Prazo de entrega: 03 dias \u00fateis.<\/p>\n<p lang=\"pt-BR\" align=\"JUSTIFY\">Transporte do material: O material deve ser transportado refrigerado (gelo recicl\u00e1vel) em caixas de isopor.<\/p>\n<p lang=\"pt-BR\" align=\"JUSTIFY\">\n<p align=\"JUSTIFY\">Prazo para recebimento: At\u00e9 24 horas ap\u00f3s o envio.<\/p>\n","protected":false},"excerpt":{"rendered":"<p>Aplica\u00e7\u00e3o: Os v\u00edrus linfotr\u00f3picos de c\u00e9lulas T humanas do tipo I (HTLVI) e do tipo II (HTLV-II) s\u00e3o retrov\u00edrus humanos que causam destrui\u00e7\u00e3o e\/ou transforma\u00e7\u00e3o nos linf\u00f3citos T. A transmiss\u00e3o ocorre atrav\u00e9s de rela\u00e7\u00f5es sexuais,<a class=\"read-more\" href=\"http:\/\/lcentral.com.br\/site\/biologia-molecular2\/htlv-i-e-ii-qualitativo-e-genotipagem\/\">Continue reading<\/a><\/p>\n","protected":false},"author":1,"featured_media":0,"parent":31,"menu_order":0,"comment_status":"closed","ping_status":"closed","template":"","meta":{"footnotes":""},"yoast_head":"<!-- This site is optimized with the Yoast SEO plugin v22.2 - https:\/\/yoast.com\/wordpress\/plugins\/seo\/ -->\n<title>HTLV I E II Qualitativo E Genotipagem - Liac - Central Sorol\u00f3gica<\/title>\n<meta name=\"robots\" content=\"index, follow, max-snippet:-1, max-image-preview:large, max-video-preview:-1\" \/>\n<link rel=\"canonical\" href=\"http:\/\/lcentral.com.br\/site\/biologia-molecular2\/htlv-i-e-ii-qualitativo-e-genotipagem\/\" \/>\n<meta property=\"og:locale\" content=\"en_US\" \/>\n<meta property=\"og:type\" content=\"article\" \/>\n<meta property=\"og:title\" content=\"HTLV I E II Qualitativo E Genotipagem - Liac - Central Sorol\u00f3gica\" \/>\n<meta property=\"og:description\" content=\"Aplica\u00e7\u00e3o: Os v\u00edrus linfotr\u00f3picos de c\u00e9lulas T humanas do tipo I (HTLVI) e do tipo II (HTLV-II) s\u00e3o retrov\u00edrus humanos que causam destrui\u00e7\u00e3o e\/ou transforma\u00e7\u00e3o nos linf\u00f3citos T. A transmiss\u00e3o ocorre atrav\u00e9s de rela\u00e7\u00f5es sexuais,Continue reading\" \/>\n<meta property=\"og:url\" content=\"http:\/\/lcentral.com.br\/site\/biologia-molecular2\/htlv-i-e-ii-qualitativo-e-genotipagem\/\" \/>\n<meta property=\"og:site_name\" content=\"Liac - Central Sorol\u00f3gica\" \/>\n<meta name=\"twitter:card\" content=\"summary_large_image\" \/>\n<meta name=\"twitter:label1\" content=\"Est. reading time\" \/>\n\t<meta name=\"twitter:data1\" content=\"2 minutes\" \/>\n<script type=\"application\/ld+json\" class=\"yoast-schema-graph\">{\"@context\":\"https:\/\/schema.org\",\"@graph\":[{\"@type\":\"WebPage\",\"@id\":\"http:\/\/lcentral.com.br\/site\/biologia-molecular2\/htlv-i-e-ii-qualitativo-e-genotipagem\/\",\"url\":\"http:\/\/lcentral.com.br\/site\/biologia-molecular2\/htlv-i-e-ii-qualitativo-e-genotipagem\/\",\"name\":\"HTLV I E II Qualitativo E Genotipagem - Liac - Central Sorol\u00f3gica\",\"isPartOf\":{\"@id\":\"http:\/\/lcentral.com.br\/site\/#website\"},\"datePublished\":\"2016-03-11T18:38:19+00:00\",\"dateModified\":\"2016-03-11T18:38:19+00:00\",\"breadcrumb\":{\"@id\":\"http:\/\/lcentral.com.br\/site\/biologia-molecular2\/htlv-i-e-ii-qualitativo-e-genotipagem\/#breadcrumb\"},\"inLanguage\":\"en-US\",\"potentialAction\":[{\"@type\":\"ReadAction\",\"target\":[\"http:\/\/lcentral.com.br\/site\/biologia-molecular2\/htlv-i-e-ii-qualitativo-e-genotipagem\/\"]}]},{\"@type\":\"BreadcrumbList\",\"@id\":\"http:\/\/lcentral.com.br\/site\/biologia-molecular2\/htlv-i-e-ii-qualitativo-e-genotipagem\/#breadcrumb\",\"itemListElement\":[{\"@type\":\"ListItem\",\"position\":1,\"name\":\"Home\",\"item\":\"http:\/\/lcentral.com.br\/site\/\"},{\"@type\":\"ListItem\",\"position\":2,\"name\":\"Biologia Molecular2\",\"item\":\"http:\/\/lcentral.com.br\/site\/biologia-molecular2\/\"},{\"@type\":\"ListItem\",\"position\":3,\"name\":\"HTLV I E II Qualitativo E Genotipagem\"}]},{\"@type\":\"WebSite\",\"@id\":\"http:\/\/lcentral.com.br\/site\/#website\",\"url\":\"http:\/\/lcentral.com.br\/site\/\",\"name\":\"Liac - Central Sorol\u00f3gica\",\"description\":\"\",\"publisher\":{\"@id\":\"http:\/\/lcentral.com.br\/site\/#organization\"},\"potentialAction\":[{\"@type\":\"SearchAction\",\"target\":{\"@type\":\"EntryPoint\",\"urlTemplate\":\"http:\/\/lcentral.com.br\/site\/?s={search_term_string}\"},\"query-input\":\"required name=search_term_string\"}],\"inLanguage\":\"en-US\"},{\"@type\":\"Organization\",\"@id\":\"http:\/\/lcentral.com.br\/site\/#organization\",\"name\":\"Liac - Central Sorol\u00f3gica\",\"url\":\"http:\/\/lcentral.com.br\/site\/\",\"logo\":{\"@type\":\"ImageObject\",\"inLanguage\":\"en-US\",\"@id\":\"http:\/\/lcentral.com.br\/site\/#\/schema\/logo\/image\/\",\"url\":\"https:\/\/lcentral.com.br\/site\/wp-content\/uploads\/logo_liac_G.png\",\"contentUrl\":\"https:\/\/lcentral.com.br\/site\/wp-content\/uploads\/logo_liac_G.png\",\"width\":2116,\"height\":672,\"caption\":\"Liac - Central Sorol\u00f3gica\"},\"image\":{\"@id\":\"http:\/\/lcentral.com.br\/site\/#\/schema\/logo\/image\/\"}}]}<\/script>\n<!-- \/ Yoast SEO plugin. -->","yoast_head_json":{"title":"HTLV I E II Qualitativo E Genotipagem - Liac - Central Sorol\u00f3gica","robots":{"index":"index","follow":"follow","max-snippet":"max-snippet:-1","max-image-preview":"max-image-preview:large","max-video-preview":"max-video-preview:-1"},"canonical":"http:\/\/lcentral.com.br\/site\/biologia-molecular2\/htlv-i-e-ii-qualitativo-e-genotipagem\/","og_locale":"en_US","og_type":"article","og_title":"HTLV I E II Qualitativo E Genotipagem - Liac - Central Sorol\u00f3gica","og_description":"Aplica\u00e7\u00e3o: Os v\u00edrus linfotr\u00f3picos de c\u00e9lulas T humanas do tipo I (HTLVI) e do tipo II (HTLV-II) s\u00e3o retrov\u00edrus humanos que causam destrui\u00e7\u00e3o e\/ou transforma\u00e7\u00e3o nos linf\u00f3citos T. A transmiss\u00e3o ocorre atrav\u00e9s de rela\u00e7\u00f5es sexuais,Continue reading","og_url":"http:\/\/lcentral.com.br\/site\/biologia-molecular2\/htlv-i-e-ii-qualitativo-e-genotipagem\/","og_site_name":"Liac - Central Sorol\u00f3gica","twitter_card":"summary_large_image","twitter_misc":{"Est. reading time":"2 minutes"},"schema":{"@context":"https:\/\/schema.org","@graph":[{"@type":"WebPage","@id":"http:\/\/lcentral.com.br\/site\/biologia-molecular2\/htlv-i-e-ii-qualitativo-e-genotipagem\/","url":"http:\/\/lcentral.com.br\/site\/biologia-molecular2\/htlv-i-e-ii-qualitativo-e-genotipagem\/","name":"HTLV I E II Qualitativo E Genotipagem - Liac - Central Sorol\u00f3gica","isPartOf":{"@id":"http:\/\/lcentral.com.br\/site\/#website"},"datePublished":"2016-03-11T18:38:19+00:00","dateModified":"2016-03-11T18:38:19+00:00","breadcrumb":{"@id":"http:\/\/lcentral.com.br\/site\/biologia-molecular2\/htlv-i-e-ii-qualitativo-e-genotipagem\/#breadcrumb"},"inLanguage":"en-US","potentialAction":[{"@type":"ReadAction","target":["http:\/\/lcentral.com.br\/site\/biologia-molecular2\/htlv-i-e-ii-qualitativo-e-genotipagem\/"]}]},{"@type":"BreadcrumbList","@id":"http:\/\/lcentral.com.br\/site\/biologia-molecular2\/htlv-i-e-ii-qualitativo-e-genotipagem\/#breadcrumb","itemListElement":[{"@type":"ListItem","position":1,"name":"Home","item":"http:\/\/lcentral.com.br\/site\/"},{"@type":"ListItem","position":2,"name":"Biologia Molecular2","item":"http:\/\/lcentral.com.br\/site\/biologia-molecular2\/"},{"@type":"ListItem","position":3,"name":"HTLV I E II Qualitativo E Genotipagem"}]},{"@type":"WebSite","@id":"http:\/\/lcentral.com.br\/site\/#website","url":"http:\/\/lcentral.com.br\/site\/","name":"Liac - Central Sorol\u00f3gica","description":"","publisher":{"@id":"http:\/\/lcentral.com.br\/site\/#organization"},"potentialAction":[{"@type":"SearchAction","target":{"@type":"EntryPoint","urlTemplate":"http:\/\/lcentral.com.br\/site\/?s={search_term_string}"},"query-input":"required name=search_term_string"}],"inLanguage":"en-US"},{"@type":"Organization","@id":"http:\/\/lcentral.com.br\/site\/#organization","name":"Liac - Central Sorol\u00f3gica","url":"http:\/\/lcentral.com.br\/site\/","logo":{"@type":"ImageObject","inLanguage":"en-US","@id":"http:\/\/lcentral.com.br\/site\/#\/schema\/logo\/image\/","url":"https:\/\/lcentral.com.br\/site\/wp-content\/uploads\/logo_liac_G.png","contentUrl":"https:\/\/lcentral.com.br\/site\/wp-content\/uploads\/logo_liac_G.png","width":2116,"height":672,"caption":"Liac - Central Sorol\u00f3gica"},"image":{"@id":"http:\/\/lcentral.com.br\/site\/#\/schema\/logo\/image\/"}}]}},"_links":{"self":[{"href":"http:\/\/lcentral.com.br\/site\/wp-json\/wp\/v2\/pages\/165"}],"collection":[{"href":"http:\/\/lcentral.com.br\/site\/wp-json\/wp\/v2\/pages"}],"about":[{"href":"http:\/\/lcentral.com.br\/site\/wp-json\/wp\/v2\/types\/page"}],"author":[{"embeddable":true,"href":"http:\/\/lcentral.com.br\/site\/wp-json\/wp\/v2\/users\/1"}],"replies":[{"embeddable":true,"href":"http:\/\/lcentral.com.br\/site\/wp-json\/wp\/v2\/comments?post=165"}],"version-history":[{"count":1,"href":"http:\/\/lcentral.com.br\/site\/wp-json\/wp\/v2\/pages\/165\/revisions"}],"predecessor-version":[{"id":166,"href":"http:\/\/lcentral.com.br\/site\/wp-json\/wp\/v2\/pages\/165\/revisions\/166"}],"up":[{"embeddable":true,"href":"http:\/\/lcentral.com.br\/site\/wp-json\/wp\/v2\/pages\/31"}],"wp:attachment":[{"href":"http:\/\/lcentral.com.br\/site\/wp-json\/wp\/v2\/media?parent=165"}],"curies":[{"name":"wp","href":"https:\/\/api.w.org\/{rel}","templated":true}]}}