{"id":26,"date":"2016-03-02T20:01:28","date_gmt":"2016-03-02T20:01:28","guid":{"rendered":"http:\/\/lcentral.com.br\/site\/?page_id=26"},"modified":"2024-03-10T02:32:49","modified_gmt":"2024-03-10T02:32:49","slug":"home","status":"publish","type":"page","link":"http:\/\/lcentral.com.br\/site\/","title":{"rendered":""},"content":{"rendered":"\n<h2>\u00a0<\/h2>\n<h2 style=\"text-align: left;\"><span style=\"color: #999999; font-family: tahoma, arial, helvetica, sans-serif;\">Servi\u00e7os<\/span><\/h2>\n\n\n<hr \/>\n<p style=\"text-align: center;\"><div class=\"pt-cv-wrapper\"><div class=\"pt-cv-view pt-cv-grid pt-cv-colsys\" id=\"pt-cv-view-a0e8386ca0\"><div data-id=\"pt-cv-page-1\" class=\"pt-cv-page\" data-cvc=\"2\"><div class=\"col-md-6 col-sm-6 col-xs-12 pt-cv-content-item pt-cv-1-col\" ><div class='pt-cv-ifield'><a href=\"http:\/\/lcentral.com.br\/site\/triagem-sorologica\/\" class=\"_self pt-cv-href-thumbnail pt-cv-thumb-default\" target=\"_self\" ><img loading=\"lazy\" decoding=\"async\" width=\"300\" height=\"210\" src=\"http:\/\/lcentral.com.br\/site\/wp-content\/uploads\/157557372_p-300x210.jpg\" class=\"pt-cv-thumbnail\" alt=\"\" \/><\/a>\n<h4 class=\"pt-cv-title\"><a href=\"http:\/\/lcentral.com.br\/site\/triagem-sorologica\/\" class=\"_self\" target=\"_self\" >Triagem Sorol\u00f3gica<\/a><\/h4>\n<div class=\"pt-cv-content\">Uma das atividades mais sens\u00edveis dos servi\u00e7os de Hemoterapia feita\u00a0com ...<br \/><div class=\"pt-cv-rmwrap\"><a href=\"http:\/\/lcentral.com.br\/site\/triagem-sorologica\/\" class=\"_self pt-cv-readmore btn btn-success\" target=\"_self\">Saiba mais<\/a><\/div><\/div><\/div><\/div>\n<div class=\"col-md-6 col-sm-6 col-xs-12 pt-cv-content-item pt-cv-1-col\" ><div class='pt-cv-ifield'><a href=\"http:\/\/lcentral.com.br\/site\/nat\/\" class=\"_self pt-cv-href-thumbnail pt-cv-thumb-default\" target=\"_self\" ><img loading=\"lazy\" decoding=\"async\" width=\"300\" height=\"210\" src=\"http:\/\/lcentral.com.br\/site\/wp-content\/uploads\/nat_p-300x210.png\" class=\"pt-cv-thumbnail\" alt=\"\" \/><\/a>\n<h4 class=\"pt-cv-title\"><a href=\"http:\/\/lcentral.com.br\/site\/nat\/\" class=\"_self\" target=\"_self\" >NAT<\/a><\/h4>\n<div class=\"pt-cv-content\">Liac possui o sistema Procleix Panther que combina automa\u00e7\u00e3o total ...<br \/><div class=\"pt-cv-rmwrap\"><a href=\"http:\/\/lcentral.com.br\/site\/nat\/\" class=\"_self pt-cv-readmore btn btn-success\" target=\"_self\">Saiba mais<\/a><\/div><\/div><\/div><\/div>\n<div class=\"col-md-6 col-sm-6 col-xs-12 pt-cv-content-item pt-cv-1-col\" ><div class='pt-cv-ifield'><a href=\"http:\/\/lcentral.com.br\/site\/imunohematologia\/\" class=\"_self pt-cv-href-thumbnail pt-cv-thumb-default\" target=\"_self\" ><img loading=\"lazy\" decoding=\"async\" width=\"300\" height=\"210\" src=\"http:\/\/lcentral.com.br\/site\/wp-content\/uploads\/imuno_p-300x210.png\" class=\"pt-cv-thumbnail\" alt=\"\" \/><\/a>\n<h4 class=\"pt-cv-title\"><a href=\"http:\/\/lcentral.com.br\/site\/imunohematologia\/\" class=\"_self\" target=\"_self\" >Imunohematologia<\/a><\/h4>\n<div class=\"pt-cv-content\">Completo programa para estudo dos diversos sistemas de grupos sangu\u00edneos, ...<br \/><div class=\"pt-cv-rmwrap\"><a href=\"http:\/\/lcentral.com.br\/site\/imunohematologia\/\" class=\"_self pt-cv-readmore btn btn-success\" target=\"_self\">Saiba mais<\/a><\/div><\/div><\/div><\/div>\n<div class=\"col-md-6 col-sm-6 col-xs-12 pt-cv-content-item pt-cv-1-col\" ><div class='pt-cv-ifield'><a href=\"http:\/\/lcentral.com.br\/site\/c-q-hemocomponentes\/\" class=\"_self pt-cv-href-thumbnail pt-cv-thumb-default\" target=\"_self\" ><img loading=\"lazy\" decoding=\"async\" width=\"300\" height=\"210\" src=\"http:\/\/lcentral.com.br\/site\/wp-content\/uploads\/CQ-componentes_p-300x210.png\" class=\"pt-cv-thumbnail\" alt=\"\" \/><\/a>\n<h4 class=\"pt-cv-title\"><a href=\"http:\/\/lcentral.com.br\/site\/c-q-hemocomponentes\/\" class=\"_self\" target=\"_self\" >C.Q. Hemocomponentes<\/a><\/h4>\n<div class=\"pt-cv-content\">Todo servi\u00e7o de hemoterapia que processa o sangue total para ...<br \/><div class=\"pt-cv-rmwrap\"><a href=\"http:\/\/lcentral.com.br\/site\/c-q-hemocomponentes\/\" class=\"_self pt-cv-readmore btn btn-success\" target=\"_self\">Saiba mais<\/a><\/div><\/div><\/div><\/div><\/div><\/div><\/div>\n<hr \/>\n<h3 style=\"text-align: left;\"><span style=\"color: #999999; font-family: tahoma, arial, helvetica, sans-serif;\">Canal de \u00c9tica<\/span><\/h3>\n<p>O\u00a0<span class=\"il\">Liac<\/span>\u00a0Central Sorol\u00f3gica est\u00e1 engajado nos mais altos padr\u00f5es de integridade, qualidade, \u00e9tica e respeito com aqueles que se relaciona.. o\u00a0<strong>Canal de \u00c9tica\u00a0<\/strong>\u00e9 uma ferramenta de comunica\u00e7\u00e3o segura, para voc\u00ea fazer den\u00fancias, sugest\u00f5es, elogios e\/ou tirar d\u00favidas. Todos os relatos registrados nesse Canal s\u00e3o confidenciais e poder\u00e3o ser feitos anonimamente. Prezamos pela n\u00e3o retalia\u00e7\u00e3o daqueles que de boa-f\u00e9 relatam ocorr\u00eancias de que tem conhecimento.<\/p>\n<p>Essa ferramenta permite coletar e tratar informa\u00e7\u00f5es de colaboradores, terceiros ou fornecedores que ajudem a institui\u00e7\u00e3o com relatos sobre viola\u00e7\u00f5es ao C\u00f3digo de Conduta, Pol\u00edticas Internas do ou legisla\u00e7\u00e3o vigente.<\/p>\n<p>Entre em contato atrav\u00e9s do email:\u00a0<a href=\"mailto:compliance@grupoliac.com.br\" target=\"_blank\" rel=\"noopener\">compliance@grupoliac.com.br<\/a><\/p>\n<p style=\"text-align: center;\"><a name=\"contato\"><\/a><br \/><div class=\"su-divider su-divider-style-dotted\" style=\"margin:15px 0;border-width:2px;border-color:#dddcdc\"><\/div>\n<p style=\"text-align: center;\"><div class=\"su-row\"><div class=\"su-column su-column-size-1-1\"><div class=\"su-column-inner su-u-clearfix su-u-trim\">\n<h3 style=\"text-align: left;\"><span style=\"color: #999999; font-family: tahoma, arial, helvetica, sans-serif;\">Fale Conosco<\/span><\/h3>\n<table class=\"wp-list-table widefat fixed striped table-view-list forms\">\n<tbody id=\"the-list\" data-wp-lists=\"list:form\">\n<tr>\n<td class=\"shortcode column-shortcode\" data-colname=\"Shortcode\"><div class=\"wpforms-container wpforms-container-full\" id=\"wpforms-360\"><form id=\"wpforms-form-360\" class=\"wpforms-validate wpforms-form\" data-formid=\"360\" method=\"post\" enctype=\"multipart\/form-data\" action=\"\/site\/wp-json\/wp\/v2\/pages\/26\" data-token=\"5d7ab762337d2c517a1d2c0a739810cd\" data-token-time=\"1777655055\"><noscript class=\"wpforms-error-noscript\">Please enable JavaScript in your browser to complete this form.<\/noscript><div class=\"wpforms-field-container\"><div id=\"wpforms-360-field_4-container\" class=\"wpforms-field wpforms-field-text\" data-field-id=\"4\"><label class=\"wpforms-field-label\" for=\"wpforms-360-field_4\">Nome<\/label><input type=\"text\" id=\"wpforms-360-field_4\" class=\"wpforms-field-medium\" name=\"wpforms[fields][4]\" ><\/div><div id=\"wpforms-360-field_1-container\" class=\"wpforms-field wpforms-field-email\" data-field-id=\"1\"><label class=\"wpforms-field-label\" for=\"wpforms-360-field_1\">Email <span class=\"wpforms-required-label\">*<\/span><\/label><input type=\"email\" id=\"wpforms-360-field_1\" class=\"wpforms-field-medium wpforms-field-required\" name=\"wpforms[fields][1]\" spellcheck=\"false\" required><\/div><div id=\"wpforms-360-field_5-container\" class=\"wpforms-field wpforms-field-text\" data-field-id=\"5\"><label class=\"wpforms-field-label\" for=\"wpforms-360-field_5\">Assunto<\/label><input type=\"text\" id=\"wpforms-360-field_5\" class=\"wpforms-field-medium\" name=\"wpforms[fields][5]\" ><\/div><div id=\"wpforms-360-field_2-container\" class=\"wpforms-field wpforms-field-textarea\" data-field-id=\"2\"><label class=\"wpforms-field-label\" for=\"wpforms-360-field_2\">Mensagem<\/label><textarea id=\"wpforms-360-field_2\" class=\"wpforms-field-medium\" name=\"wpforms[fields][2]\" ><\/textarea><\/div><\/div><!-- .wpforms-field-container --><div class=\"wpforms-field wpforms-field-hp\"><label for=\"wpforms-360-field-hp\" class=\"wpforms-field-label\">Message<\/label><input type=\"text\" name=\"wpforms[hp]\" id=\"wpforms-360-field-hp\" class=\"wpforms-field-medium\"><\/div><div class=\"wpforms-recaptcha-container wpforms-is-recaptcha wpforms-is-recaptcha-type-v3\" ><input type=\"hidden\" name=\"wpforms[recaptcha]\" value=\"\"><\/div><div class=\"wpforms-submit-container\" ><input type=\"hidden\" name=\"wpforms[id]\" value=\"360\"><input type=\"hidden\" name=\"page_title\" value=\"\"><input type=\"hidden\" name=\"page_url\" value=\"http:\/\/lcentral.com.br\/site\/wp-json\/wp\/v2\/pages\/26\"><input type=\"hidden\" name=\"url_referer\" value=\"\"><button type=\"submit\" name=\"wpforms[submit]\" id=\"wpforms-submit-360\" class=\"wpforms-submit\" data-alt-text=\"Encaminhando...\" data-submit-text=\"Enviar\" aria-live=\"assertive\" value=\"wpforms-submit\">Enviar<\/button><\/div><\/form><\/div>  <!-- .wpforms-container --><\/td>\n<\/tr>\n<\/tbody>\n<\/table>\n<p style=\"text-align: center;\"><\/div><\/div>\n<p style=\"text-align: center;\"><\/div>\n<p style=\"text-align: center;\"><div class=\"su-divider su-divider-style-dotted\" style=\"margin:15px 0;border-width:2px;border-color:#dddcdc\"><\/div>","protected":false},"excerpt":{"rendered":"<p>\u00a0 Servi\u00e7os Canal de \u00c9tica O\u00a0Liac\u00a0Central Sorol\u00f3gica est\u00e1 engajado nos mais altos padr\u00f5es de integridade, qualidade, \u00e9tica e respeito com aqueles que se relaciona.. o\u00a0Canal de \u00c9tica\u00a0\u00e9 uma ferramenta de comunica\u00e7\u00e3o segura, para voc\u00ea fazer<a class=\"read-more\" href=\"http:\/\/lcentral.com.br\/site\/\">Continue reading<\/a><\/p>\n","protected":false},"author":1,"featured_media":0,"parent":0,"menu_order":0,"comment_status":"closed","ping_status":"closed","template":"","meta":{"footnotes":""},"yoast_head":"<!-- This site is optimized with the Yoast SEO plugin v22.2 - https:\/\/yoast.com\/wordpress\/plugins\/seo\/ -->\n<title>- Liac - Central Sorol\u00f3gica<\/title>\n<meta name=\"robots\" content=\"index, follow, max-snippet:-1, max-image-preview:large, max-video-preview:-1\" \/>\n<link rel=\"canonical\" href=\"https:\/\/lcentral.com.br\/site\/\" \/>\n<meta property=\"og:locale\" content=\"en_US\" \/>\n<meta property=\"og:type\" content=\"article\" \/>\n<meta property=\"og:title\" content=\"- Liac - Central Sorol\u00f3gica\" \/>\n<meta property=\"og:description\" content=\"\u00a0 Servi\u00e7os Canal de \u00c9tica O\u00a0Liac\u00a0Central Sorol\u00f3gica est\u00e1 engajado nos mais altos padr\u00f5es de integridade, qualidade, \u00e9tica e respeito com aqueles que se relaciona.. o\u00a0Canal de \u00c9tica\u00a0\u00e9 uma ferramenta de comunica\u00e7\u00e3o segura, para voc\u00ea fazerContinue reading\" \/>\n<meta property=\"og:url\" content=\"https:\/\/lcentral.com.br\/site\/\" \/>\n<meta property=\"og:site_name\" content=\"Liac - Central Sorol\u00f3gica\" \/>\n<meta property=\"article:modified_time\" content=\"2024-03-10T02:32:49+00:00\" \/>\n<meta name=\"twitter:card\" content=\"summary_large_image\" \/>\n<meta name=\"twitter:label1\" content=\"Est. reading time\" \/>\n\t<meta name=\"twitter:data1\" content=\"1 minute\" \/>\n<script type=\"application\/ld+json\" class=\"yoast-schema-graph\">{\"@context\":\"https:\/\/schema.org\",\"@graph\":[{\"@type\":\"WebPage\",\"@id\":\"https:\/\/lcentral.com.br\/site\/\",\"url\":\"https:\/\/lcentral.com.br\/site\/\",\"name\":\"- Liac - Central Sorol\u00f3gica\",\"isPartOf\":{\"@id\":\"https:\/\/lcentral.com.br\/site\/#website\"},\"datePublished\":\"2016-03-02T20:01:28+00:00\",\"dateModified\":\"2024-03-10T02:32:49+00:00\",\"inLanguage\":\"en-US\",\"potentialAction\":[{\"@type\":\"ReadAction\",\"target\":[\"https:\/\/lcentral.com.br\/site\/\"]}]},{\"@type\":\"WebSite\",\"@id\":\"https:\/\/lcentral.com.br\/site\/#website\",\"url\":\"https:\/\/lcentral.com.br\/site\/\",\"name\":\"Liac - Central Sorol\u00f3gica\",\"description\":\"\",\"publisher\":{\"@id\":\"https:\/\/lcentral.com.br\/site\/#organization\"},\"potentialAction\":[{\"@type\":\"SearchAction\",\"target\":{\"@type\":\"EntryPoint\",\"urlTemplate\":\"https:\/\/lcentral.com.br\/site\/?s={search_term_string}\"},\"query-input\":\"required name=search_term_string\"}],\"inLanguage\":\"en-US\"},{\"@type\":\"Organization\",\"@id\":\"https:\/\/lcentral.com.br\/site\/#organization\",\"name\":\"Liac - Central Sorol\u00f3gica\",\"url\":\"https:\/\/lcentral.com.br\/site\/\",\"logo\":{\"@type\":\"ImageObject\",\"inLanguage\":\"en-US\",\"@id\":\"https:\/\/lcentral.com.br\/site\/#\/schema\/logo\/image\/\",\"url\":\"https:\/\/lcentral.com.br\/site\/wp-content\/uploads\/logo_liac_G.png\",\"contentUrl\":\"https:\/\/lcentral.com.br\/site\/wp-content\/uploads\/logo_liac_G.png\",\"width\":2116,\"height\":672,\"caption\":\"Liac - Central Sorol\u00f3gica\"},\"image\":{\"@id\":\"https:\/\/lcentral.com.br\/site\/#\/schema\/logo\/image\/\"}}]}<\/script>\n<!-- \/ Yoast SEO plugin. -->","yoast_head_json":{"title":"- Liac - Central Sorol\u00f3gica","robots":{"index":"index","follow":"follow","max-snippet":"max-snippet:-1","max-image-preview":"max-image-preview:large","max-video-preview":"max-video-preview:-1"},"canonical":"https:\/\/lcentral.com.br\/site\/","og_locale":"en_US","og_type":"article","og_title":"- Liac - Central Sorol\u00f3gica","og_description":"\u00a0 Servi\u00e7os Canal de \u00c9tica O\u00a0Liac\u00a0Central Sorol\u00f3gica est\u00e1 engajado nos mais altos padr\u00f5es de integridade, qualidade, \u00e9tica e respeito com aqueles que se relaciona.. o\u00a0Canal de \u00c9tica\u00a0\u00e9 uma ferramenta de comunica\u00e7\u00e3o segura, para voc\u00ea fazerContinue reading","og_url":"https:\/\/lcentral.com.br\/site\/","og_site_name":"Liac - Central Sorol\u00f3gica","article_modified_time":"2024-03-10T02:32:49+00:00","twitter_card":"summary_large_image","twitter_misc":{"Est. reading time":"1 minute"},"schema":{"@context":"https:\/\/schema.org","@graph":[{"@type":"WebPage","@id":"https:\/\/lcentral.com.br\/site\/","url":"https:\/\/lcentral.com.br\/site\/","name":"- Liac - Central Sorol\u00f3gica","isPartOf":{"@id":"https:\/\/lcentral.com.br\/site\/#website"},"datePublished":"2016-03-02T20:01:28+00:00","dateModified":"2024-03-10T02:32:49+00:00","inLanguage":"en-US","potentialAction":[{"@type":"ReadAction","target":["https:\/\/lcentral.com.br\/site\/"]}]},{"@type":"WebSite","@id":"https:\/\/lcentral.com.br\/site\/#website","url":"https:\/\/lcentral.com.br\/site\/","name":"Liac - Central Sorol\u00f3gica","description":"","publisher":{"@id":"https:\/\/lcentral.com.br\/site\/#organization"},"potentialAction":[{"@type":"SearchAction","target":{"@type":"EntryPoint","urlTemplate":"https:\/\/lcentral.com.br\/site\/?s={search_term_string}"},"query-input":"required name=search_term_string"}],"inLanguage":"en-US"},{"@type":"Organization","@id":"https:\/\/lcentral.com.br\/site\/#organization","name":"Liac - Central Sorol\u00f3gica","url":"https:\/\/lcentral.com.br\/site\/","logo":{"@type":"ImageObject","inLanguage":"en-US","@id":"https:\/\/lcentral.com.br\/site\/#\/schema\/logo\/image\/","url":"https:\/\/lcentral.com.br\/site\/wp-content\/uploads\/logo_liac_G.png","contentUrl":"https:\/\/lcentral.com.br\/site\/wp-content\/uploads\/logo_liac_G.png","width":2116,"height":672,"caption":"Liac - Central Sorol\u00f3gica"},"image":{"@id":"https:\/\/lcentral.com.br\/site\/#\/schema\/logo\/image\/"}}]}},"_links":{"self":[{"href":"http:\/\/lcentral.com.br\/site\/wp-json\/wp\/v2\/pages\/26"}],"collection":[{"href":"http:\/\/lcentral.com.br\/site\/wp-json\/wp\/v2\/pages"}],"about":[{"href":"http:\/\/lcentral.com.br\/site\/wp-json\/wp\/v2\/types\/page"}],"author":[{"embeddable":true,"href":"http:\/\/lcentral.com.br\/site\/wp-json\/wp\/v2\/users\/1"}],"replies":[{"embeddable":true,"href":"http:\/\/lcentral.com.br\/site\/wp-json\/wp\/v2\/comments?post=26"}],"version-history":[{"count":43,"href":"http:\/\/lcentral.com.br\/site\/wp-json\/wp\/v2\/pages\/26\/revisions"}],"predecessor-version":[{"id":417,"href":"http:\/\/lcentral.com.br\/site\/wp-json\/wp\/v2\/pages\/26\/revisions\/417"}],"wp:attachment":[{"href":"http:\/\/lcentral.com.br\/site\/wp-json\/wp\/v2\/media?parent=26"}],"curies":[{"name":"wp","href":"https:\/\/api.w.org\/{rel}","templated":true}]}}