{"id":45,"date":"2016-03-03T20:48:08","date_gmt":"2016-03-03T20:48:08","guid":{"rendered":"http:\/\/lcentral.com.br\/site\/?page_id=45"},"modified":"2024-03-05T02:03:24","modified_gmt":"2024-03-05T02:03:24","slug":"triagem-sorologica","status":"publish","type":"page","link":"http:\/\/lcentral.com.br\/site\/triagem-sorologica\/","title":{"rendered":"Triagem Sorol\u00f3gica"},"content":{"rendered":"<p align=\"justify\">Uma das atividades mais sens\u00edveis dos servi\u00e7os de Hemoterapia feita\u00a0com a tranq\u00fcilidade e seguran\u00e7a necess\u00e1rias para os melhores resultados.<\/p>\n<p align=\"justify\"><img loading=\"lazy\" decoding=\"async\" class=\"alignnone wp-image-268 size-full\" src=\"http:\/\/lcentral.com.br\/site\/wp-content\/uploads\/triagem-inter.png\" alt=\"triagem-inter\" width=\"1500\" height=\"522\" srcset=\"http:\/\/lcentral.com.br\/site\/wp-content\/uploads\/triagem-inter.png 1500w, http:\/\/lcentral.com.br\/site\/wp-content\/uploads\/triagem-inter-300x104.png 300w, http:\/\/lcentral.com.br\/site\/wp-content\/uploads\/triagem-inter-768x267.png 768w, http:\/\/lcentral.com.br\/site\/wp-content\/uploads\/triagem-inter-1024x356.png 1024w, http:\/\/lcentral.com.br\/site\/wp-content\/uploads\/triagem-inter-520x181.png 520w, http:\/\/lcentral.com.br\/site\/wp-content\/uploads\/triagem-inter-740x258.png 740w\" sizes=\"(max-width: 1500px) 100vw, 1500px\" \/><\/p>\n<p align=\"justify\">Responsabilidade<\/p>\n<p align=\"justify\">O LIAC realiza os\u00a0servi\u00e7os de Hemoterapia com a integridade\u00a0de quem nunca foi responsabilizado por qualquer falha nos procedimentos de triagem sorol\u00f3gica que tenha acarretado a soroconvers\u00e3o em receptores.<\/p>\n<p align=\"justify\">Equipe<\/p>\n<p align=\"justify\">A equipe t\u00e9cnica LIAC \u00e9 um mix formado por profissionais com grande experi\u00eancia espec\u00edfica nesta atividade e jovens Doutores e Mestres cujas especializa\u00e7\u00f5es est\u00e3o relacionadas a imunologia viral.<\/p>\n<p align=\"justify\">Controle Externo de Qualidade<\/p>\n<p align=\"justify\">O laborat\u00f3rio participa de programas externos de profici\u00eancia que contemplam todos os par\u00e2metros da triagem sorol\u00f3gica.<\/p>\n<p align=\"justify\">Os Testes<\/p>\n<p align=\"justify\">O protocolo abaixo pode ser considerado como padr\u00e3o, podendo ser modificado de acordo com a exig\u00eancia do cliente.<\/p>\n<blockquote><p>\u2022Pesquisa de anticorpos Anti-HIV 1 e 2 (dois testes), \u00a0incluindo\u00a0a\u00a0pesquisa do sub-grupo O e p24;<\/p>\n<p>\u2022Pesquisa de anticorpos Anti-HTLV 1 e 2;<\/p>\n<p>\u2022Pesquisa do ant\u00edgeno de superff\u00edcie HBs;<\/p>\n<p>\u2022Pesquisa de anticorpos Anti-HBc;<\/p>\n<p>\u2022Pesquisa de anticorpos Anti-HCV;<\/p>\n<p>\u2022Pesquisa de anticorpos Anti-Trypanosoma cruzi;<\/p>\n<p>\u2022Pesquisa de anticorpos Anti-Trepon\u00eamicos (ou ant\u00edgeno cardiolip\u00ednico VDRL \u2013 opcional);<\/p>\n<p>\u2022Pesquisa de Hemoglobina S.<\/p>\n<h3>M\u00e9todos: Quimioluminesc\u00eancia e Eletroquimioluminesc\u00eancia.<\/h3>\n<p>&nbsp;<\/p><\/blockquote>\n<p align=\"justify\">Para obter maiores detalhes sobre o servi\u00e7o de Triagem Sorol\u00f3gica, entre em contato atrav\u00e9s da central de atendimentos (21) 2234-3414 ou pelo formul\u00e1rio de Contato.<\/p>\n","protected":false},"excerpt":{"rendered":"<p>Uma das atividades mais sens\u00edveis dos servi\u00e7os de Hemoterapia feita\u00a0com a tranq\u00fcilidade e seguran\u00e7a necess\u00e1rias para os melhores resultados. Responsabilidade O LIAC realiza os\u00a0servi\u00e7os de Hemoterapia com a integridade\u00a0de quem nunca foi responsabilizado por qualquer<a class=\"read-more\" href=\"http:\/\/lcentral.com.br\/site\/triagem-sorologica\/\">Continue reading<\/a><\/p>\n","protected":false},"author":1,"featured_media":250,"parent":0,"menu_order":0,"comment_status":"closed","ping_status":"closed","template":"","meta":{"footnotes":""},"yoast_head":"<!-- This site is optimized with the Yoast SEO plugin v22.2 - https:\/\/yoast.com\/wordpress\/plugins\/seo\/ -->\n<title>Triagem Sorol\u00f3gica - Liac - Central Sorol\u00f3gica<\/title>\n<meta name=\"robots\" content=\"index, follow, max-snippet:-1, max-image-preview:large, max-video-preview:-1\" \/>\n<link rel=\"canonical\" href=\"https:\/\/lcentral.com.br\/site\/triagem-sorologica\/\" \/>\n<meta property=\"og:locale\" content=\"en_US\" \/>\n<meta property=\"og:type\" content=\"article\" \/>\n<meta property=\"og:title\" content=\"Triagem Sorol\u00f3gica - Liac - Central Sorol\u00f3gica\" \/>\n<meta property=\"og:description\" content=\"Uma das atividades mais sens\u00edveis dos servi\u00e7os de Hemoterapia feita\u00a0com a tranq\u00fcilidade e seguran\u00e7a necess\u00e1rias para os melhores resultados. Responsabilidade O LIAC realiza os\u00a0servi\u00e7os de Hemoterapia com a integridade\u00a0de quem nunca foi responsabilizado por qualquerContinue reading\" \/>\n<meta property=\"og:url\" content=\"https:\/\/lcentral.com.br\/site\/triagem-sorologica\/\" \/>\n<meta property=\"og:site_name\" content=\"Liac - Central Sorol\u00f3gica\" \/>\n<meta property=\"article:modified_time\" content=\"2024-03-05T02:03:24+00:00\" \/>\n<meta property=\"og:image\" content=\"https:\/\/lcentral.com.br\/site\/wp-content\/uploads\/157557372_p.jpg\" \/>\n\t<meta property=\"og:image:width\" content=\"300\" \/>\n\t<meta property=\"og:image:height\" content=\"210\" \/>\n\t<meta property=\"og:image:type\" content=\"image\/jpeg\" \/>\n<meta name=\"twitter:card\" content=\"summary_large_image\" \/>\n<meta name=\"twitter:label1\" content=\"Est. reading time\" \/>\n\t<meta name=\"twitter:data1\" content=\"1 minute\" \/>\n<script type=\"application\/ld+json\" class=\"yoast-schema-graph\">{\"@context\":\"https:\/\/schema.org\",\"@graph\":[{\"@type\":\"WebPage\",\"@id\":\"https:\/\/lcentral.com.br\/site\/triagem-sorologica\/\",\"url\":\"https:\/\/lcentral.com.br\/site\/triagem-sorologica\/\",\"name\":\"Triagem Sorol\u00f3gica - Liac - Central Sorol\u00f3gica\",\"isPartOf\":{\"@id\":\"https:\/\/lcentral.com.br\/site\/#website\"},\"primaryImageOfPage\":{\"@id\":\"https:\/\/lcentral.com.br\/site\/triagem-sorologica\/#primaryimage\"},\"image\":{\"@id\":\"https:\/\/lcentral.com.br\/site\/triagem-sorologica\/#primaryimage\"},\"thumbnailUrl\":\"http:\/\/lcentral.com.br\/site\/wp-content\/uploads\/157557372_p.jpg\",\"datePublished\":\"2016-03-03T20:48:08+00:00\",\"dateModified\":\"2024-03-05T02:03:24+00:00\",\"breadcrumb\":{\"@id\":\"https:\/\/lcentral.com.br\/site\/triagem-sorologica\/#breadcrumb\"},\"inLanguage\":\"en-US\",\"potentialAction\":[{\"@type\":\"ReadAction\",\"target\":[\"https:\/\/lcentral.com.br\/site\/triagem-sorologica\/\"]}]},{\"@type\":\"ImageObject\",\"inLanguage\":\"en-US\",\"@id\":\"https:\/\/lcentral.com.br\/site\/triagem-sorologica\/#primaryimage\",\"url\":\"http:\/\/lcentral.com.br\/site\/wp-content\/uploads\/157557372_p.jpg\",\"contentUrl\":\"http:\/\/lcentral.com.br\/site\/wp-content\/uploads\/157557372_p.jpg\",\"width\":300,\"height\":210,\"caption\":\"Test tubes\"},{\"@type\":\"BreadcrumbList\",\"@id\":\"https:\/\/lcentral.com.br\/site\/triagem-sorologica\/#breadcrumb\",\"itemListElement\":[{\"@type\":\"ListItem\",\"position\":1,\"name\":\"Home\",\"item\":\"https:\/\/lcentral.com.br\/site\/\"},{\"@type\":\"ListItem\",\"position\":2,\"name\":\"Triagem Sorol\u00f3gica\"}]},{\"@type\":\"WebSite\",\"@id\":\"https:\/\/lcentral.com.br\/site\/#website\",\"url\":\"https:\/\/lcentral.com.br\/site\/\",\"name\":\"Liac - Central Sorol\u00f3gica\",\"description\":\"\",\"publisher\":{\"@id\":\"https:\/\/lcentral.com.br\/site\/#organization\"},\"potentialAction\":[{\"@type\":\"SearchAction\",\"target\":{\"@type\":\"EntryPoint\",\"urlTemplate\":\"https:\/\/lcentral.com.br\/site\/?s={search_term_string}\"},\"query-input\":\"required name=search_term_string\"}],\"inLanguage\":\"en-US\"},{\"@type\":\"Organization\",\"@id\":\"https:\/\/lcentral.com.br\/site\/#organization\",\"name\":\"Liac - Central Sorol\u00f3gica\",\"url\":\"https:\/\/lcentral.com.br\/site\/\",\"logo\":{\"@type\":\"ImageObject\",\"inLanguage\":\"en-US\",\"@id\":\"https:\/\/lcentral.com.br\/site\/#\/schema\/logo\/image\/\",\"url\":\"https:\/\/lcentral.com.br\/site\/wp-content\/uploads\/logo_liac_G.png\",\"contentUrl\":\"https:\/\/lcentral.com.br\/site\/wp-content\/uploads\/logo_liac_G.png\",\"width\":2116,\"height\":672,\"caption\":\"Liac - Central Sorol\u00f3gica\"},\"image\":{\"@id\":\"https:\/\/lcentral.com.br\/site\/#\/schema\/logo\/image\/\"}}]}<\/script>\n<!-- \/ Yoast SEO plugin. -->","yoast_head_json":{"title":"Triagem Sorol\u00f3gica - Liac - Central Sorol\u00f3gica","robots":{"index":"index","follow":"follow","max-snippet":"max-snippet:-1","max-image-preview":"max-image-preview:large","max-video-preview":"max-video-preview:-1"},"canonical":"https:\/\/lcentral.com.br\/site\/triagem-sorologica\/","og_locale":"en_US","og_type":"article","og_title":"Triagem Sorol\u00f3gica - Liac - Central Sorol\u00f3gica","og_description":"Uma das atividades mais sens\u00edveis dos servi\u00e7os de Hemoterapia feita\u00a0com a tranq\u00fcilidade e seguran\u00e7a necess\u00e1rias para os melhores resultados. Responsabilidade O LIAC realiza os\u00a0servi\u00e7os de Hemoterapia com a integridade\u00a0de quem nunca foi responsabilizado por qualquerContinue reading","og_url":"https:\/\/lcentral.com.br\/site\/triagem-sorologica\/","og_site_name":"Liac - Central Sorol\u00f3gica","article_modified_time":"2024-03-05T02:03:24+00:00","og_image":[{"width":300,"height":210,"url":"https:\/\/lcentral.com.br\/site\/wp-content\/uploads\/157557372_p.jpg","type":"image\/jpeg"}],"twitter_card":"summary_large_image","twitter_misc":{"Est. reading time":"1 minute"},"schema":{"@context":"https:\/\/schema.org","@graph":[{"@type":"WebPage","@id":"https:\/\/lcentral.com.br\/site\/triagem-sorologica\/","url":"https:\/\/lcentral.com.br\/site\/triagem-sorologica\/","name":"Triagem Sorol\u00f3gica - Liac - Central Sorol\u00f3gica","isPartOf":{"@id":"https:\/\/lcentral.com.br\/site\/#website"},"primaryImageOfPage":{"@id":"https:\/\/lcentral.com.br\/site\/triagem-sorologica\/#primaryimage"},"image":{"@id":"https:\/\/lcentral.com.br\/site\/triagem-sorologica\/#primaryimage"},"thumbnailUrl":"http:\/\/lcentral.com.br\/site\/wp-content\/uploads\/157557372_p.jpg","datePublished":"2016-03-03T20:48:08+00:00","dateModified":"2024-03-05T02:03:24+00:00","breadcrumb":{"@id":"https:\/\/lcentral.com.br\/site\/triagem-sorologica\/#breadcrumb"},"inLanguage":"en-US","potentialAction":[{"@type":"ReadAction","target":["https:\/\/lcentral.com.br\/site\/triagem-sorologica\/"]}]},{"@type":"ImageObject","inLanguage":"en-US","@id":"https:\/\/lcentral.com.br\/site\/triagem-sorologica\/#primaryimage","url":"http:\/\/lcentral.com.br\/site\/wp-content\/uploads\/157557372_p.jpg","contentUrl":"http:\/\/lcentral.com.br\/site\/wp-content\/uploads\/157557372_p.jpg","width":300,"height":210,"caption":"Test tubes"},{"@type":"BreadcrumbList","@id":"https:\/\/lcentral.com.br\/site\/triagem-sorologica\/#breadcrumb","itemListElement":[{"@type":"ListItem","position":1,"name":"Home","item":"https:\/\/lcentral.com.br\/site\/"},{"@type":"ListItem","position":2,"name":"Triagem Sorol\u00f3gica"}]},{"@type":"WebSite","@id":"https:\/\/lcentral.com.br\/site\/#website","url":"https:\/\/lcentral.com.br\/site\/","name":"Liac - Central Sorol\u00f3gica","description":"","publisher":{"@id":"https:\/\/lcentral.com.br\/site\/#organization"},"potentialAction":[{"@type":"SearchAction","target":{"@type":"EntryPoint","urlTemplate":"https:\/\/lcentral.com.br\/site\/?s={search_term_string}"},"query-input":"required name=search_term_string"}],"inLanguage":"en-US"},{"@type":"Organization","@id":"https:\/\/lcentral.com.br\/site\/#organization","name":"Liac - Central Sorol\u00f3gica","url":"https:\/\/lcentral.com.br\/site\/","logo":{"@type":"ImageObject","inLanguage":"en-US","@id":"https:\/\/lcentral.com.br\/site\/#\/schema\/logo\/image\/","url":"https:\/\/lcentral.com.br\/site\/wp-content\/uploads\/logo_liac_G.png","contentUrl":"https:\/\/lcentral.com.br\/site\/wp-content\/uploads\/logo_liac_G.png","width":2116,"height":672,"caption":"Liac - Central Sorol\u00f3gica"},"image":{"@id":"https:\/\/lcentral.com.br\/site\/#\/schema\/logo\/image\/"}}]}},"_links":{"self":[{"href":"http:\/\/lcentral.com.br\/site\/wp-json\/wp\/v2\/pages\/45"}],"collection":[{"href":"http:\/\/lcentral.com.br\/site\/wp-json\/wp\/v2\/pages"}],"about":[{"href":"http:\/\/lcentral.com.br\/site\/wp-json\/wp\/v2\/types\/page"}],"author":[{"embeddable":true,"href":"http:\/\/lcentral.com.br\/site\/wp-json\/wp\/v2\/users\/1"}],"replies":[{"embeddable":true,"href":"http:\/\/lcentral.com.br\/site\/wp-json\/wp\/v2\/comments?post=45"}],"version-history":[{"count":8,"href":"http:\/\/lcentral.com.br\/site\/wp-json\/wp\/v2\/pages\/45\/revisions"}],"predecessor-version":[{"id":380,"href":"http:\/\/lcentral.com.br\/site\/wp-json\/wp\/v2\/pages\/45\/revisions\/380"}],"wp:featuredmedia":[{"embeddable":true,"href":"http:\/\/lcentral.com.br\/site\/wp-json\/wp\/v2\/media\/250"}],"wp:attachment":[{"href":"http:\/\/lcentral.com.br\/site\/wp-json\/wp\/v2\/media?parent=45"}],"curies":[{"name":"wp","href":"https:\/\/api.w.org\/{rel}","templated":true}]}}