{"id":50,"date":"2016-03-03T20:49:32","date_gmt":"2016-03-03T20:49:32","guid":{"rendered":"http:\/\/lcentral.com.br\/site\/?page_id=50"},"modified":"2024-03-05T02:14:36","modified_gmt":"2024-03-05T02:14:36","slug":"c-q-hemocomponentes","status":"publish","type":"page","link":"http:\/\/lcentral.com.br\/site\/c-q-hemocomponentes\/","title":{"rendered":"C.Q. Hemocomponentes"},"content":{"rendered":"<p>Todo servi\u00e7o de hemoterapia que processa o sangue total para a obten\u00e7\u00e3o de hemocomponentes deve realizar um controle de qualidade sistem\u00e1tico dos hemocomponentes produzidos.*<\/p>\n<p><img loading=\"lazy\" decoding=\"async\" class=\"alignnone size-large wp-image-278\" src=\"http:\/\/lcentral.com.br\/site\/wp-content\/uploads\/CQhemocomponentes-inter-1024x356.png\" alt=\"CQhemocomponentes-inter\" width=\"1024\" height=\"356\" srcset=\"http:\/\/lcentral.com.br\/site\/wp-content\/uploads\/CQhemocomponentes-inter-1024x356.png 1024w, http:\/\/lcentral.com.br\/site\/wp-content\/uploads\/CQhemocomponentes-inter-300x104.png 300w, http:\/\/lcentral.com.br\/site\/wp-content\/uploads\/CQhemocomponentes-inter-768x267.png 768w, http:\/\/lcentral.com.br\/site\/wp-content\/uploads\/CQhemocomponentes-inter-520x181.png 520w, http:\/\/lcentral.com.br\/site\/wp-content\/uploads\/CQhemocomponentes-inter-740x258.png 740w, http:\/\/lcentral.com.br\/site\/wp-content\/uploads\/CQhemocomponentes-inter.png 1500w\" sizes=\"(max-width: 1024px) 100vw, 1024px\" \/><\/p>\n<p>O Controle de Qualidade de Hemocomponentes requer:<\/p>\n<blockquote>\n<p align=\"left\">\u2022\u00a0T\u00e9cnicos com forma\u00e7\u00e3o em bioqu\u00edmica, microbiologia, micologia, hematologia e \u00a0\u00a0\u00a0hemostasia;<br \/>\n\u2022\u00a0Setores laboratoriais devidamente equipados e segregados das demais \u00a0\u00a0\u00a0atividades de \u00a0\u00a0\u00a0triagem sorol\u00f3gica;<br \/>\n\u2022\u00a0Programas de controle de qualidade externos e internos relacionados a todos \u00a0\u00a0\u00a0os testes executados nos hemocomponentes.<\/p>\n<\/blockquote>\n<p align=\"justify\">\u00a0\u00a0\u00a0\u00a0O LIAC possui esta estrutura para atender \u00e0s necessidades das empresas de hemoterapia. Ao contratar os Servi\u00e7os de Controle de Qualidade sua empresa poder\u00e1 receber, periodicamente, amostras para o controle de balan\u00e7as, microhemat\u00f3crito e dosagem de hemoglobina.<\/p>\n<p align=\"justify\"><strong>Testes, M\u00e9todos e Valores Esperados:<\/strong><\/p>\n<p>&nbsp;<\/p>\n<table border=\"0\" width=\"95%\" cellspacing=\"0\" cellpadding=\"10\" align=\"center\">\n<tbody>\n<tr bgcolor=\"#FFF8E1\">\n<td align=\"center\" bgcolor=\"#FFF4ED\" width=\"33%\" height=\"30\">Concentrado de Hem\u00e1cias<\/td>\n<td align=\"center\" bgcolor=\"#FFF4ED\" width=\"33%\">Fonte \/ M\u00e9todo<\/td>\n<td align=\"center\" bgcolor=\"#FFF4ED\" width=\"33%\">Valores Desejados<\/td>\n<\/tr>\n<tr bgcolor=\"#FFF8E1\">\n<td align=\"left\" bgcolor=\"#FFFFFF\" height=\"30\">Volume<\/td>\n<td align=\"left\" bgcolor=\"#FFFFFF\">R\u00f3tulo da Bolsa<\/td>\n<td align=\"left\" bgcolor=\"#FFFFFF\">270 \u00b1 50 mL<\/td>\n<\/tr>\n<tr bgcolor=\"#FFF8E1\">\n<td align=\"left\" bgcolor=\"#FFFFFF\" height=\"30\">Teor de hemoglobina<\/td>\n<td align=\"left\" bgcolor=\"#FFFFFF\">Automa\u00e7\u00e3o<\/td>\n<td align=\"left\" bgcolor=\"#FFFFFF\">&gt; 45g \/unidade<\/td>\n<\/tr>\n<tr bgcolor=\"#FFF8E1\">\n<td align=\"left\" bgcolor=\"#FFFFFF\" height=\"30\">Hemat\u00f3crito<\/td>\n<td align=\"left\" bgcolor=\"#FFFFFF\">Automa\u00e7\u00e3o<\/td>\n<td align=\"left\" bgcolor=\"#FFFFFF\">50 a 80 %*<\/td>\n<\/tr>\n<tr bgcolor=\"#FFF8E1\">\n<td align=\"left\" bgcolor=\"#FFFFFF\" height=\"30\">Grau de hem\u00f3lise<\/td>\n<td align=\"left\" bgcolor=\"#FFFFFF\">Colorim\u00e9trico<\/td>\n<td align=\"left\" bgcolor=\"#FFFFFF\">&lt; 0,2 (dia 1) e &lt; 0,8 (dia 35)<\/td>\n<\/tr>\n<tr bgcolor=\"#FFF8E1\">\n<td align=\"left\" bgcolor=\"#FFFFFF\" height=\"30\">Microbiologia<\/td>\n<td align=\"left\" bgcolor=\"#FFFFFF\">Manual ou automatizada<\/td>\n<td align=\"left\" bgcolor=\"#FFFFFF\">Negativa<\/td>\n<\/tr>\n<\/tbody>\n<\/table>\n<p>&nbsp;<\/p>\n<table border=\"0\" width=\"95%\" cellspacing=\"0\" cellpadding=\"10\" align=\"center\">\n<tbody>\n<tr bgcolor=\"#FFF8E1\">\n<td align=\"center\" bgcolor=\"#FFF4ED\" width=\"33%\" height=\"30\">Concentrado de Hem\u00e1cias<br \/>\nDesleucocitado\/Leucorreduzido<\/td>\n<td align=\"center\" bgcolor=\"#FFF4ED\" width=\"33%\">Fonte \/ M\u00e9todo<\/td>\n<td align=\"center\" bgcolor=\"#FFF4ED\" width=\"33%\">Valores Desejados<\/td>\n<\/tr>\n<tr bgcolor=\"#FFF8E1\">\n<td align=\"left\" bgcolor=\"#FFFFFF\" height=\"30\">Teor de hemoglobina<\/td>\n<td align=\"left\" bgcolor=\"#FFFFFF\">Automa\u00e7\u00e3o<\/td>\n<td align=\"left\" bgcolor=\"#FFFFFF\">&gt; 40g \/unidade<\/td>\n<\/tr>\n<tr bgcolor=\"#FFF8E1\">\n<td align=\"left\" bgcolor=\"#FFFFFF\" height=\"30\">Grau de hem\u00f3lise<\/td>\n<td align=\"left\" bgcolor=\"#FFFFFF\">Colorim\u00e9trico<\/td>\n<td align=\"left\" bgcolor=\"#FFFFFF\">&lt; 0,8 % da massa eritrocit\u00e1ria<\/td>\n<\/tr>\n<tr bgcolor=\"#FFF8E1\">\n<td align=\"left\" bgcolor=\"#FFFFFF\" height=\"30\">Leucorredu\u00e7\u00e3o<\/td>\n<td align=\"left\" bgcolor=\"#FFFFFF\">Automa\u00e7\u00e3o \u2013 amostra pr\u00e9<\/td>\n<td align=\"left\" bgcolor=\"#FFFFFF\">&gt; 99,9 %<\/td>\n<\/tr>\n<tr bgcolor=\"#FFF8E1\">\n<td align=\"left\" bgcolor=\"#FFFFFF\" height=\"30\">Leuc\u00f3citos residuais<\/td>\n<td align=\"left\" bgcolor=\"#FFFFFF\">Citometria de Fluxo<\/td>\n<td align=\"left\" bgcolor=\"#FFFFFF\">&lt; 5 x 10(6) \/unidade<\/td>\n<\/tr>\n<tr bgcolor=\"#FFF8E1\">\n<td align=\"left\" bgcolor=\"#FFFFFF\" height=\"30\">Microbiologia<\/td>\n<td align=\"left\" bgcolor=\"#FFFFFF\">Manual ou automatizada<\/td>\n<td align=\"left\" bgcolor=\"#FFFFFF\">Negativa<\/td>\n<\/tr>\n<\/tbody>\n<\/table>\n<p>&nbsp;<\/p>\n<table border=\"0\" width=\"95%\" cellspacing=\"0\" cellpadding=\"10\" align=\"center\">\n<tbody>\n<tr bgcolor=\"#FFF8E1\">\n<td align=\"center\" bgcolor=\"#FFF4ED\" width=\"33%\" height=\"30\">Concentrado de Hem\u00e1cias<br \/>\nLavadas\/pobre em leuc\u00f3citos (CHL)<\/td>\n<td align=\"center\" bgcolor=\"#FFF4ED\" width=\"33%\">Fonte \/ M\u00e9todo<\/td>\n<td align=\"center\" bgcolor=\"#FFF4ED\" width=\"33%\">Valores Desejados<\/td>\n<\/tr>\n<tr bgcolor=\"#FFF8E1\">\n<td align=\"left\" bgcolor=\"#FFFFFF\" height=\"30\">Volume<\/td>\n<td align=\"left\" bgcolor=\"#FFFFFF\">R\u00f3tulo da Bolsa<\/td>\n<td align=\"left\" bgcolor=\"#FFFFFF\">270 \u00b1 50 mL<\/td>\n<\/tr>\n<tr bgcolor=\"#FFF8E1\">\n<td align=\"left\" bgcolor=\"#FFFFFF\" height=\"30\">Teor de hemoglobina<\/td>\n<td align=\"left\" bgcolor=\"#FFFFFF\">Automa\u00e7\u00e3o<\/td>\n<td align=\"left\" bgcolor=\"#FFFFFF\">&gt; 40g \/unidade<\/td>\n<\/tr>\n<tr bgcolor=\"#FFF8E1\">\n<td align=\"left\" bgcolor=\"#FFFFFF\" height=\"30\">Hemat\u00f3crito<\/td>\n<td align=\"left\" bgcolor=\"#FFFFFF\">Automa\u00e7\u00e3o<\/td>\n<td align=\"left\" bgcolor=\"#FFFFFF\">50 a 75 %<\/td>\n<\/tr>\n<tr bgcolor=\"#FFF8E1\">\n<td align=\"left\" bgcolor=\"#FFFFFF\" height=\"30\">Contagem de leuc\u00f3citos<\/td>\n<td align=\"left\" bgcolor=\"#FFFFFF\">Automa\u00e7\u00e3o<\/td>\n<td align=\"left\" bgcolor=\"#FFFFFF\">&lt; 5,0 x 10(8) \/unidade<\/td>\n<\/tr>\n<tr bgcolor=\"#FFF8E1\">\n<td align=\"left\" bgcolor=\"#FFFFFF\" height=\"30\">Grau de hem\u00f3lise<\/td>\n<td align=\"left\" bgcolor=\"#FFFFFF\">Colorim\u00e9trico<\/td>\n<td align=\"left\" bgcolor=\"#FFFFFF\">&lt; 0,8 %<\/td>\n<\/tr>\n<tr bgcolor=\"#FFF8E1\">\n<td align=\"left\" bgcolor=\"#FFFFFF\" height=\"30\">Microbiologia<\/td>\n<td align=\"left\" bgcolor=\"#FFFFFF\">Manual ou automatizada<\/td>\n<td align=\"left\" bgcolor=\"#FFFFFF\">Negativa<\/td>\n<\/tr>\n<tr bgcolor=\"#FFF8E1\">\n<td align=\"left\" bgcolor=\"#FFFFFF\" height=\"30\">Prote\u00edna residual para CHL<\/td>\n<td align=\"left\" bgcolor=\"#FFFFFF\">Colorim\u00e9trico<\/td>\n<td align=\"left\" bgcolor=\"#FFFFFF\">&lt; 500 mg\/dL<\/td>\n<\/tr>\n<\/tbody>\n<\/table>\n<p>&nbsp;<\/p>\n<table border=\"0\" width=\"95%\" cellspacing=\"0\" cellpadding=\"10\" align=\"center\">\n<tbody>\n<tr bgcolor=\"#FFF8E1\">\n<td align=\"center\" bgcolor=\"#FFF4ED\" width=\"33%\" height=\"30\">Concentrado de Plaquetas\u00a0**<\/td>\n<td align=\"center\" bgcolor=\"#FFF4ED\" width=\"33%\">Fonte \/ M\u00e9todo<\/td>\n<td align=\"center\" bgcolor=\"#FFF4ED\" width=\"33%\">Valores Desejados<\/td>\n<\/tr>\n<tr bgcolor=\"#FFF8E1\">\n<td align=\"left\" bgcolor=\"#FFFFFF\" height=\"30\">Volume<\/td>\n<td align=\"left\" bgcolor=\"#FFFFFF\">R\u00f3tulo da Bolsa<\/td>\n<td align=\"left\" bgcolor=\"#FFFFFF\">50 \u2013 70 mL<\/td>\n<\/tr>\n<tr bgcolor=\"#FFF8E1\">\n<td align=\"left\" bgcolor=\"#FFFFFF\" height=\"30\">Contagem de plaquetas<\/td>\n<td align=\"left\" bgcolor=\"#FFFFFF\">Automa\u00e7\u00e3o<\/td>\n<td align=\"left\" bgcolor=\"#FFFFFF\">&gt; 5,5 x 10(10) \/unidade<\/td>\n<\/tr>\n<tr bgcolor=\"#FFF8E1\">\n<td align=\"left\" bgcolor=\"#FFFFFF\" height=\"30\">pH<\/td>\n<td align=\"left\" bgcolor=\"#FFFFFF\">Potenciometria<\/td>\n<td align=\"left\" bgcolor=\"#FFFFFF\">&gt; 6,2<\/td>\n<\/tr>\n<tr bgcolor=\"#FFF8E1\">\n<td align=\"left\" bgcolor=\"#FFFFFF\" height=\"30\">Microbiologia<\/td>\n<td align=\"left\" bgcolor=\"#FFFFFF\">Manual ou automatizada<\/td>\n<td align=\"left\" bgcolor=\"#FFFFFF\">Negativa<\/td>\n<\/tr>\n<\/tbody>\n<\/table>\n<p>&nbsp;<\/p>\n<table border=\"0\" width=\"95%\" cellspacing=\"0\" cellpadding=\"10\" align=\"center\">\n<tbody>\n<tr bgcolor=\"#FFF8E1\">\n<td align=\"center\" bgcolor=\"#FFF4ED\" width=\"33%\" height=\"30\">Concentrado de Plaquetas<br \/>\nLeucorreduzido<\/td>\n<td align=\"center\" bgcolor=\"#FFF4ED\" width=\"33%\">Fonte \/ M\u00e9todo<\/td>\n<td align=\"center\" bgcolor=\"#FFF4ED\" width=\"33%\">Valores Desejados<\/td>\n<\/tr>\n<tr bgcolor=\"#FFF8E1\">\n<td align=\"left\" bgcolor=\"#FFFFFF\" height=\"30\">Contagem de plaquetas<\/td>\n<td align=\"left\" bgcolor=\"#FFFFFF\">Automa\u00e7\u00e3o<\/td>\n<td align=\"left\" bgcolor=\"#FFFFFF\">&gt; 4,5 x 10(10) \/unidade<\/td>\n<\/tr>\n<tr bgcolor=\"#FFF8E1\">\n<td align=\"left\" bgcolor=\"#FFFFFF\" height=\"30\">Leuc\u00f3citos residuais<\/td>\n<td align=\"left\" bgcolor=\"#FFFFFF\">Citometria de Fluxo<\/td>\n<td align=\"left\" bgcolor=\"#FFFFFF\">&lt; 5,0 x 10(6) \/unidade<\/td>\n<\/tr>\n<tr bgcolor=\"#FFF8E1\">\n<td align=\"left\" bgcolor=\"#FFFFFF\" height=\"30\">Microbiologia<\/td>\n<td align=\"left\" bgcolor=\"#FFFFFF\">Manual ou automatizada<\/td>\n<td align=\"left\" bgcolor=\"#FFFFFF\">Negativa<\/td>\n<\/tr>\n<\/tbody>\n<\/table>\n<p>&nbsp;<\/p>\n<table border=\"0\" width=\"95%\" cellspacing=\"0\" cellpadding=\"10\" align=\"center\">\n<tbody>\n<tr bgcolor=\"#FFF8E1\">\n<td align=\"center\" bgcolor=\"#FFF4ED\" width=\"33%\" height=\"30\">Concentrado de Plaquetas por Af\u00e9rese<\/td>\n<td align=\"center\" bgcolor=\"#FFF4ED\" width=\"33%\">Fonte \/ M\u00e9todo<\/td>\n<td align=\"center\" bgcolor=\"#FFF4ED\" width=\"33%\">Valores Desejados<\/td>\n<\/tr>\n<tr bgcolor=\"#FFF8E1\">\n<td align=\"left\" bgcolor=\"#FFFFFF\" height=\"30\">Volume<\/td>\n<td align=\"left\" bgcolor=\"#FFFFFF\">R\u00f3tulo da Bolsa<\/td>\n<td align=\"left\" bgcolor=\"#FFFFFF\">&gt; 200 mL<\/td>\n<\/tr>\n<tr bgcolor=\"#FFF8E1\">\n<td align=\"left\" bgcolor=\"#FFFFFF\" height=\"30\">Contagem de plaquetas<\/td>\n<td align=\"left\" bgcolor=\"#FFFFFF\">Automa\u00e7\u00e3o<\/td>\n<td align=\"left\" bgcolor=\"#FFFFFF\">\n<table border=\"0\" width=\"100%\" cellspacing=\"0\" cellpadding=\"3\">\n<tbody>\n<tr>\n<td>&gt; 3,0 x 10(11) \/unidade (MPLAQ-S)<\/td>\n<\/tr>\n<tr>\n<td>&gt; 6,0 x 10(11) \/unidade (PLAQ-S)<\/td>\n<\/tr>\n<\/tbody>\n<\/table>\n<\/td>\n<\/tr>\n<tr bgcolor=\"#FFF8E1\">\n<td align=\"left\" bgcolor=\"#FFFFFF\" height=\"30\">Contagem de leuc\u00f3citos<\/td>\n<td align=\"left\" bgcolor=\"#FFFFFF\">Citometria de Fluxo<\/td>\n<td align=\"left\" bgcolor=\"#FFFFFF\">&lt; 5,0 x 10(6) \/unidade<\/td>\n<\/tr>\n<tr bgcolor=\"#FFF8E1\">\n<td align=\"left\" bgcolor=\"#FFFFFF\" height=\"30\">pH<\/td>\n<td align=\"left\" bgcolor=\"#FFFFFF\">Potenciometria<\/td>\n<td align=\"left\" bgcolor=\"#FFFFFF\">&gt; 6,2<\/td>\n<\/tr>\n<tr bgcolor=\"#FFF8E1\">\n<td align=\"left\" bgcolor=\"#FFFFFF\" height=\"30\">Microbiologia<\/td>\n<td align=\"left\" bgcolor=\"#FFFFFF\">Manual ou automatizada<\/td>\n<td align=\"left\" bgcolor=\"#FFFFFF\">Negativa<\/td>\n<\/tr>\n<\/tbody>\n<\/table>\n<p>&nbsp;<\/p>\n<table border=\"0\" width=\"95%\" cellspacing=\"0\" cellpadding=\"10\" align=\"center\">\n<tbody>\n<tr bgcolor=\"#FFF8E1\">\n<td align=\"center\" bgcolor=\"#FFF4ED\" width=\"33%\" height=\"30\">Plasma Frasco Congelado<\/td>\n<td align=\"center\" bgcolor=\"#FFF4ED\" width=\"33%\">Fonte \/ M\u00e9todo<\/td>\n<td align=\"center\" bgcolor=\"#FFF4ED\" width=\"33%\">Valores Desejados<\/td>\n<\/tr>\n<tr bgcolor=\"#FFF8E1\">\n<td align=\"left\" bgcolor=\"#FFFFFF\" height=\"30\">Volume<\/td>\n<td align=\"left\" bgcolor=\"#FFFFFF\">R\u00f3tulo da Bolsa<\/td>\n<td align=\"left\" bgcolor=\"#FFFFFF\">&gt; 170 mL<\/td>\n<\/tr>\n<tr bgcolor=\"#FFF8E1\">\n<td align=\"left\" bgcolor=\"#FFFFFF\" height=\"30\">Tempo de Tromboplastina<br \/>\nParcial Ativada (segundos)<\/td>\n<td align=\"left\" bgcolor=\"#FFFFFF\">Coagul\u00f4metro<\/td>\n<td align=\"left\" bgcolor=\"#FFFFFF\">at\u00e9 valor do pool + 20%<\/td>\n<\/tr>\n<tr bgcolor=\"#FFF8E1\">\n<td align=\"left\" bgcolor=\"#FFFFFF\" height=\"30\">Fator VIII:c<\/td>\n<td align=\"left\" bgcolor=\"#FFFFFF\">Coagul\u00f4metro<\/td>\n<td align=\"left\" bgcolor=\"#FFFFFF\">&gt; 0,7 UI \/mL<\/td>\n<\/tr>\n<tr bgcolor=\"#FFF8E1\">\n<td align=\"left\" bgcolor=\"#FFFFFF\" height=\"30\">Leuc\u00f3citos residuais<\/td>\n<td align=\"left\" bgcolor=\"#FFFFFF\">Citometria de Fluxo<\/td>\n<td align=\"left\" bgcolor=\"#FFFFFF\">&lt; 1 x 10(5) \/mL<\/td>\n<\/tr>\n<tr bgcolor=\"#FFF8E1\">\n<td align=\"left\" bgcolor=\"#FFFFFF\" height=\"30\">Hem\u00e1cias residuais<\/td>\n<td align=\"left\" bgcolor=\"#FFFFFF\">C\u00e2mara<\/td>\n<td align=\"left\" bgcolor=\"#FFFFFF\">&lt; 6 x 10(6) \/mL<\/td>\n<\/tr>\n<tr bgcolor=\"#FFF8E1\">\n<td align=\"left\" bgcolor=\"#FFFFFF\" height=\"30\">Plaquetas residuais<\/td>\n<td align=\"left\" bgcolor=\"#FFFFFF\">C\u00e2mara<\/td>\n<td align=\"left\" bgcolor=\"#FFFFFF\">&lt; 5 x 10(6) \/mL<\/td>\n<\/tr>\n<\/tbody>\n<\/table>\n<p>&nbsp;<\/p>\n<table border=\"0\" width=\"95%\" cellspacing=\"0\" cellpadding=\"10\" align=\"center\">\n<tbody>\n<tr bgcolor=\"#FFF8E1\">\n<td align=\"center\" bgcolor=\"#FFF4ED\" width=\"33%\" height=\"30\">Crioprecipitado<\/td>\n<td align=\"center\" bgcolor=\"#FFF4ED\" width=\"33%\">Fonte \/ M\u00e9todo<\/td>\n<td align=\"center\" bgcolor=\"#FFF4ED\" width=\"33%\">Valores Desejados<\/td>\n<\/tr>\n<tr bgcolor=\"#FFF8E1\">\n<td align=\"left\" bgcolor=\"#FFFFFF\" height=\"30\">Volume<\/td>\n<td align=\"left\" bgcolor=\"#FFFFFF\">R\u00f3tulo da Bolsa<\/td>\n<td align=\"left\" bgcolor=\"#FFFFFF\">10 \u2013 30 mL<\/td>\n<\/tr>\n<tr bgcolor=\"#FFF8E1\">\n<td align=\"left\" bgcolor=\"#FFFFFF\" height=\"30\">Dosagem fibrinog\u00eanio<\/td>\n<td align=\"left\" bgcolor=\"#FFFFFF\">Coagul\u00f4metro<\/td>\n<td align=\"left\" bgcolor=\"#FFFFFF\">&gt; 140 mg\/dL<\/td>\n<\/tr>\n<tr bgcolor=\"#FFF8E1\">\n<td align=\"left\" bgcolor=\"#FFFFFF\" height=\"30\">Fator VIII:c<\/td>\n<td align=\"left\" bgcolor=\"#FFFFFF\">Coagul\u00f4metro<\/td>\n<td align=\"left\" bgcolor=\"#FFFFFF\">&gt; 70 UI \/unidade<\/td>\n<\/tr>\n<\/tbody>\n<\/table>\n<p align=\"justify\">* O hemat\u00f3crito esperado depende do tipo de solu\u00e7\u00e3o preservativa utilizada na bolsa, sendo de 50 a 70% para as solu\u00e7\u00f5es aditivas e de 65 a 80% para CPDA1.<\/p>\n<p>** Controle deve ser efetuado no \u00faltimo dia de validade.<\/p>\n<p align=\"justify\">Para obter maiores detalhes sobre controle de qualidade de hemocomponentes, entre em contato atrav\u00e9s da central de atendimentos (21) 2234-3414 ou pelo formul\u00e1rio de Contato.<\/p>\n","protected":false},"excerpt":{"rendered":"<p>Todo servi\u00e7o de hemoterapia que processa o sangue total para a obten\u00e7\u00e3o de hemocomponentes deve realizar um controle de qualidade sistem\u00e1tico dos hemocomponentes produzidos.* O Controle de Qualidade de Hemocomponentes requer: \u2022\u00a0T\u00e9cnicos com forma\u00e7\u00e3o em<a class=\"read-more\" href=\"http:\/\/lcentral.com.br\/site\/c-q-hemocomponentes\/\">Continue reading<\/a><\/p>\n","protected":false},"author":1,"featured_media":256,"parent":0,"menu_order":0,"comment_status":"closed","ping_status":"closed","template":"","meta":{"footnotes":""},"yoast_head":"<!-- This site is optimized with the Yoast SEO plugin v22.2 - https:\/\/yoast.com\/wordpress\/plugins\/seo\/ -->\n<title>C.Q. Hemocomponentes - Liac - Central Sorol\u00f3gica<\/title>\n<meta name=\"robots\" content=\"index, follow, max-snippet:-1, max-image-preview:large, max-video-preview:-1\" \/>\n<link rel=\"canonical\" href=\"http:\/\/lcentral.com.br\/site\/c-q-hemocomponentes\/\" \/>\n<meta property=\"og:locale\" content=\"en_US\" \/>\n<meta property=\"og:type\" content=\"article\" \/>\n<meta property=\"og:title\" content=\"C.Q. Hemocomponentes - Liac - Central Sorol\u00f3gica\" \/>\n<meta property=\"og:description\" content=\"Todo servi\u00e7o de hemoterapia que processa o sangue total para a obten\u00e7\u00e3o de hemocomponentes deve realizar um controle de qualidade sistem\u00e1tico dos hemocomponentes produzidos.* O Controle de Qualidade de Hemocomponentes requer: \u2022\u00a0T\u00e9cnicos com forma\u00e7\u00e3o emContinue reading\" \/>\n<meta property=\"og:url\" content=\"http:\/\/lcentral.com.br\/site\/c-q-hemocomponentes\/\" \/>\n<meta property=\"og:site_name\" content=\"Liac - Central Sorol\u00f3gica\" \/>\n<meta property=\"article:modified_time\" content=\"2024-03-05T02:14:36+00:00\" \/>\n<meta property=\"og:image\" content=\"http:\/\/lcentral.com.br\/site\/wp-content\/uploads\/CQ-componentes_p.png\" \/>\n\t<meta property=\"og:image:width\" content=\"300\" \/>\n\t<meta property=\"og:image:height\" content=\"210\" \/>\n\t<meta property=\"og:image:type\" content=\"image\/png\" \/>\n<meta name=\"twitter:card\" content=\"summary_large_image\" \/>\n<meta name=\"twitter:label1\" content=\"Est. reading time\" \/>\n\t<meta name=\"twitter:data1\" content=\"3 minutes\" \/>\n<script type=\"application\/ld+json\" class=\"yoast-schema-graph\">{\"@context\":\"https:\/\/schema.org\",\"@graph\":[{\"@type\":\"WebPage\",\"@id\":\"http:\/\/lcentral.com.br\/site\/c-q-hemocomponentes\/\",\"url\":\"http:\/\/lcentral.com.br\/site\/c-q-hemocomponentes\/\",\"name\":\"C.Q. Hemocomponentes - Liac - Central Sorol\u00f3gica\",\"isPartOf\":{\"@id\":\"https:\/\/lcentral.com.br\/site\/#website\"},\"primaryImageOfPage\":{\"@id\":\"http:\/\/lcentral.com.br\/site\/c-q-hemocomponentes\/#primaryimage\"},\"image\":{\"@id\":\"http:\/\/lcentral.com.br\/site\/c-q-hemocomponentes\/#primaryimage\"},\"thumbnailUrl\":\"http:\/\/lcentral.com.br\/site\/wp-content\/uploads\/CQ-componentes_p.png\",\"datePublished\":\"2016-03-03T20:49:32+00:00\",\"dateModified\":\"2024-03-05T02:14:36+00:00\",\"breadcrumb\":{\"@id\":\"http:\/\/lcentral.com.br\/site\/c-q-hemocomponentes\/#breadcrumb\"},\"inLanguage\":\"en-US\",\"potentialAction\":[{\"@type\":\"ReadAction\",\"target\":[\"http:\/\/lcentral.com.br\/site\/c-q-hemocomponentes\/\"]}]},{\"@type\":\"ImageObject\",\"inLanguage\":\"en-US\",\"@id\":\"http:\/\/lcentral.com.br\/site\/c-q-hemocomponentes\/#primaryimage\",\"url\":\"http:\/\/lcentral.com.br\/site\/wp-content\/uploads\/CQ-componentes_p.png\",\"contentUrl\":\"http:\/\/lcentral.com.br\/site\/wp-content\/uploads\/CQ-componentes_p.png\",\"width\":300,\"height\":210},{\"@type\":\"BreadcrumbList\",\"@id\":\"http:\/\/lcentral.com.br\/site\/c-q-hemocomponentes\/#breadcrumb\",\"itemListElement\":[{\"@type\":\"ListItem\",\"position\":1,\"name\":\"Home\",\"item\":\"https:\/\/lcentral.com.br\/site\/\"},{\"@type\":\"ListItem\",\"position\":2,\"name\":\"C.Q. Hemocomponentes\"}]},{\"@type\":\"WebSite\",\"@id\":\"https:\/\/lcentral.com.br\/site\/#website\",\"url\":\"https:\/\/lcentral.com.br\/site\/\",\"name\":\"Liac - Central Sorol\u00f3gica\",\"description\":\"\",\"publisher\":{\"@id\":\"https:\/\/lcentral.com.br\/site\/#organization\"},\"potentialAction\":[{\"@type\":\"SearchAction\",\"target\":{\"@type\":\"EntryPoint\",\"urlTemplate\":\"https:\/\/lcentral.com.br\/site\/?s={search_term_string}\"},\"query-input\":\"required name=search_term_string\"}],\"inLanguage\":\"en-US\"},{\"@type\":\"Organization\",\"@id\":\"https:\/\/lcentral.com.br\/site\/#organization\",\"name\":\"Liac - Central Sorol\u00f3gica\",\"url\":\"https:\/\/lcentral.com.br\/site\/\",\"logo\":{\"@type\":\"ImageObject\",\"inLanguage\":\"en-US\",\"@id\":\"https:\/\/lcentral.com.br\/site\/#\/schema\/logo\/image\/\",\"url\":\"https:\/\/lcentral.com.br\/site\/wp-content\/uploads\/logo_liac_G.png\",\"contentUrl\":\"https:\/\/lcentral.com.br\/site\/wp-content\/uploads\/logo_liac_G.png\",\"width\":2116,\"height\":672,\"caption\":\"Liac - Central Sorol\u00f3gica\"},\"image\":{\"@id\":\"https:\/\/lcentral.com.br\/site\/#\/schema\/logo\/image\/\"}}]}<\/script>\n<!-- \/ Yoast SEO plugin. -->","yoast_head_json":{"title":"C.Q. Hemocomponentes - Liac - Central Sorol\u00f3gica","robots":{"index":"index","follow":"follow","max-snippet":"max-snippet:-1","max-image-preview":"max-image-preview:large","max-video-preview":"max-video-preview:-1"},"canonical":"http:\/\/lcentral.com.br\/site\/c-q-hemocomponentes\/","og_locale":"en_US","og_type":"article","og_title":"C.Q. Hemocomponentes - Liac - Central Sorol\u00f3gica","og_description":"Todo servi\u00e7o de hemoterapia que processa o sangue total para a obten\u00e7\u00e3o de hemocomponentes deve realizar um controle de qualidade sistem\u00e1tico dos hemocomponentes produzidos.* O Controle de Qualidade de Hemocomponentes requer: \u2022\u00a0T\u00e9cnicos com forma\u00e7\u00e3o emContinue reading","og_url":"http:\/\/lcentral.com.br\/site\/c-q-hemocomponentes\/","og_site_name":"Liac - Central Sorol\u00f3gica","article_modified_time":"2024-03-05T02:14:36+00:00","og_image":[{"width":300,"height":210,"url":"http:\/\/lcentral.com.br\/site\/wp-content\/uploads\/CQ-componentes_p.png","type":"image\/png"}],"twitter_card":"summary_large_image","twitter_misc":{"Est. reading time":"3 minutes"},"schema":{"@context":"https:\/\/schema.org","@graph":[{"@type":"WebPage","@id":"http:\/\/lcentral.com.br\/site\/c-q-hemocomponentes\/","url":"http:\/\/lcentral.com.br\/site\/c-q-hemocomponentes\/","name":"C.Q. Hemocomponentes - Liac - Central Sorol\u00f3gica","isPartOf":{"@id":"https:\/\/lcentral.com.br\/site\/#website"},"primaryImageOfPage":{"@id":"http:\/\/lcentral.com.br\/site\/c-q-hemocomponentes\/#primaryimage"},"image":{"@id":"http:\/\/lcentral.com.br\/site\/c-q-hemocomponentes\/#primaryimage"},"thumbnailUrl":"http:\/\/lcentral.com.br\/site\/wp-content\/uploads\/CQ-componentes_p.png","datePublished":"2016-03-03T20:49:32+00:00","dateModified":"2024-03-05T02:14:36+00:00","breadcrumb":{"@id":"http:\/\/lcentral.com.br\/site\/c-q-hemocomponentes\/#breadcrumb"},"inLanguage":"en-US","potentialAction":[{"@type":"ReadAction","target":["http:\/\/lcentral.com.br\/site\/c-q-hemocomponentes\/"]}]},{"@type":"ImageObject","inLanguage":"en-US","@id":"http:\/\/lcentral.com.br\/site\/c-q-hemocomponentes\/#primaryimage","url":"http:\/\/lcentral.com.br\/site\/wp-content\/uploads\/CQ-componentes_p.png","contentUrl":"http:\/\/lcentral.com.br\/site\/wp-content\/uploads\/CQ-componentes_p.png","width":300,"height":210},{"@type":"BreadcrumbList","@id":"http:\/\/lcentral.com.br\/site\/c-q-hemocomponentes\/#breadcrumb","itemListElement":[{"@type":"ListItem","position":1,"name":"Home","item":"https:\/\/lcentral.com.br\/site\/"},{"@type":"ListItem","position":2,"name":"C.Q. Hemocomponentes"}]},{"@type":"WebSite","@id":"https:\/\/lcentral.com.br\/site\/#website","url":"https:\/\/lcentral.com.br\/site\/","name":"Liac - Central Sorol\u00f3gica","description":"","publisher":{"@id":"https:\/\/lcentral.com.br\/site\/#organization"},"potentialAction":[{"@type":"SearchAction","target":{"@type":"EntryPoint","urlTemplate":"https:\/\/lcentral.com.br\/site\/?s={search_term_string}"},"query-input":"required name=search_term_string"}],"inLanguage":"en-US"},{"@type":"Organization","@id":"https:\/\/lcentral.com.br\/site\/#organization","name":"Liac - Central Sorol\u00f3gica","url":"https:\/\/lcentral.com.br\/site\/","logo":{"@type":"ImageObject","inLanguage":"en-US","@id":"https:\/\/lcentral.com.br\/site\/#\/schema\/logo\/image\/","url":"https:\/\/lcentral.com.br\/site\/wp-content\/uploads\/logo_liac_G.png","contentUrl":"https:\/\/lcentral.com.br\/site\/wp-content\/uploads\/logo_liac_G.png","width":2116,"height":672,"caption":"Liac - Central Sorol\u00f3gica"},"image":{"@id":"https:\/\/lcentral.com.br\/site\/#\/schema\/logo\/image\/"}}]}},"_links":{"self":[{"href":"http:\/\/lcentral.com.br\/site\/wp-json\/wp\/v2\/pages\/50"}],"collection":[{"href":"http:\/\/lcentral.com.br\/site\/wp-json\/wp\/v2\/pages"}],"about":[{"href":"http:\/\/lcentral.com.br\/site\/wp-json\/wp\/v2\/types\/page"}],"author":[{"embeddable":true,"href":"http:\/\/lcentral.com.br\/site\/wp-json\/wp\/v2\/users\/1"}],"replies":[{"embeddable":true,"href":"http:\/\/lcentral.com.br\/site\/wp-json\/wp\/v2\/comments?post=50"}],"version-history":[{"count":7,"href":"http:\/\/lcentral.com.br\/site\/wp-json\/wp\/v2\/pages\/50\/revisions"}],"predecessor-version":[{"id":387,"href":"http:\/\/lcentral.com.br\/site\/wp-json\/wp\/v2\/pages\/50\/revisions\/387"}],"wp:featuredmedia":[{"embeddable":true,"href":"http:\/\/lcentral.com.br\/site\/wp-json\/wp\/v2\/media\/256"}],"wp:attachment":[{"href":"http:\/\/lcentral.com.br\/site\/wp-json\/wp\/v2\/media?parent=50"}],"curies":[{"name":"wp","href":"https:\/\/api.w.org\/{rel}","templated":true}]}}